{"id":24,"date":"2013-12-30T01:10:52","date_gmt":"2013-12-29T23:10:52","guid":{"rendered":"http:\/\/wolftobias.eu\/wordpress\/?page_id=24"},"modified":"2021-12-18T22:53:51","modified_gmt":"2021-12-18T20:53:51","slug":"foto","status":"publish","type":"page","link":"http:\/\/wolftobias.com\/?page_id=24","title":{"rendered":"Foto\/Video\/Audio"},"content":{"rendered":"<p>Foto-\/Videografie<\/p>\n<h4><strong>Multimediareportagen<\/strong> von\/mit Tobias Wolf:<\/h4>\n<p><strong>&#8222;Die kleine Deutsche Einheit&#8220;<\/strong> (Wie ein Luftballon mit einer Karte zwei Orte in Ost und West schon im Kalten Krieg verband) &#8211; Vierteilige Reportage zum Zirkeltag der Berliner Mauer &#8211; S\u00e4chsische Zeitung, Februar 2018<\/p>\n<p><iframe loading=\"lazy\" src=\"https:\/\/www.youtube.com\/embed\/4vB3crf9vpg\" width=\"200\" height=\"112\" frameborder=\"0\" allowfullscreen=\"allowfullscreen\"><\/iframe> <iframe loading=\"lazy\" src=\"https:\/\/www.youtube.com\/embed\/voMQJmQE06w\" width=\"200\" height=\"112\" frameborder=\"0\" allowfullscreen=\"allowfullscreen\"><\/iframe> <iframe loading=\"lazy\" src=\"https:\/\/www.youtube.com\/embed\/WGMthtn401o\" width=\"200\" height=\"112\" frameborder=\"0\" allowfullscreen=\"allowfullscreen\"><\/iframe> <iframe loading=\"lazy\" src=\"https:\/\/www.youtube.com\/embed\/Myl3tb97000\" width=\"200\" height=\"112\" frameborder=\"0\" allowfullscreen=\"allowfullscreen\"><\/iframe><\/p>\n<p><strong>&#8222;Es siecht paradiesisch vor sich hin&#8220;<\/strong> (Die Suche nach dem Eigent\u00fcmer eines verfallenden Dresdner Hochhauses f\u00fchrt in die Karibik) &#8211; S\u00e4chsische Zeitung, November 2017<\/p>\n<p><iframe loading=\"lazy\" src=\"https:\/\/www.youtube.com\/embed\/yVsrzIYQtxE\" width=\"300\" height=\"169\" frameborder=\"0\" allowfullscreen=\"allowfullscreen\"><\/iframe><\/p>\n<p><a title=\"www.sz-online.de\" href=\"https:\/\/dbate.de\/videos\/dem-rechtsruck-auf-der-spur\/\" target=\"_blank\" rel=\"noopener noreferrer\"><strong>Arte-Doku:<\/strong><\/a>Vor der Wahl zum Europa-Parlament und der Kommunalwahl in Sachsen beobachtet die Arte Re:-Reportage vier Journalisten der S\u00e4chsischen Zeitung <strong>2019<\/strong> bei ihren Recherchen im rechten Umfeld: Neonazi-Aufm\u00e4rsche, AfD-Versammlungen \u2013 und mit Bautzen eine tief gespaltene Stadt in Ostsachsen. Die SZ-Reporter Tobias Wolf, Ulrich Wolf, Annette Binninger und Andreas Weller erfahren, wie sich ihre Region ver\u00e4ndert.<\/p>\n<p><iframe loading=\"lazy\" title=\"Dem Rechtsruck auf der Spur - Eine Zeitung sucht Antworten\" width=\"500\" height=\"281\" src=\"https:\/\/www.youtube.com\/embed\/K7qs5lMEf7M?feature=oembed\" frameborder=\"0\" allow=\"accelerometer; autoplay; clipboard-write; encrypted-media; gyroscope; picture-in-picture; web-share\" referrerpolicy=\"strict-origin-when-cross-origin\" allowfullscreen><\/iframe><\/p>\n<p><strong>Juli 2019: <\/strong><a href=\"https:\/\/deezer.page.link\/7uCadk31UjjpMQvN8\"><strong>Podcast<\/strong><\/a> mit Gast Tobias Wolf \u00fcber die Neue Rechte, Journalismus in Sachsen, Erlebnisse am Rande von Demonstrationen und den Journalismus der Zukunft.<\/p>\n<p><strong>August 2018:<\/strong> Ein Bediensteter des s\u00e4chsischen Landeskriminalamts &#8211; sp\u00e4ter bekannt als der <strong>Hutb\u00fcrger<\/strong> &#8211; sorgt im August 2018 am Rande einer Pegida-Demo in Dresden daf\u00fcr, dass ein TV-Team des ZDF-Magazins Frontal in eine lange Polizeikontrolle ger\u00e4t. Damit kehrt eine Diskussion in die \u00d6ffentlichkeit zur\u00fcck, die Sachsens Journalisten seit der Gr\u00fcndung von Pegida im Oktober 2014 besch\u00e4ftigt, berichtet das NDR-Medienmagazin Zapp. Tobias Wolf ordnet die Situation ein.<\/p>\n<p><iframe loading=\"lazy\" title=\"Demo in Dresden: Pegida vs. TV-Team | ZAPP | NDR\" width=\"500\" height=\"281\" src=\"https:\/\/www.youtube.com\/embed\/7n9iy5DwTm8?feature=oembed\" frameborder=\"0\" allow=\"accelerometer; autoplay; clipboard-write; encrypted-media; gyroscope; picture-in-picture; web-share\" referrerpolicy=\"strict-origin-when-cross-origin\" allowfullscreen><\/iframe><\/p>\n","protected":false},"excerpt":{"rendered":"<p>Foto-\/Videografie Multimediareportagen von\/mit Tobias Wolf: &#8222;Die kleine Deutsche Einheit&#8220; (Wie ein Luftballon mit einer Karte zwei Orte in Ost und West schon im Kalten Krieg verband) &#8211; Vierteilige Reportage zum Zirkeltag der Berliner Mauer &#8211; S\u00e4chsische Zeitung, Februar 2018 &#8222;Es siecht paradiesisch vor sich hin&#8220; (Die Suche nach dem Eigent\u00fcmer eines verfallenden Dresdner Hochhauses f\u00fchrt [&hellip;]<\/p>\n","protected":false},"author":1,"featured_media":0,"parent":0,"menu_order":2,"comment_status":"closed","ping_status":"open","template":"page-template-portfolio.php","meta":{"footnotes":""},"class_list":["post-24","page","type-page","status-publish","hentry"],"_links":{"self":[{"href":"http:\/\/wolftobias.com\/index.php?rest_route=\/wp\/v2\/pages\/24","targetHints":{"allow":["GET"]}}],"collection":[{"href":"http:\/\/wolftobias.com\/index.php?rest_route=\/wp\/v2\/pages"}],"about":[{"href":"http:\/\/wolftobias.com\/index.php?rest_route=\/wp\/v2\/types\/page"}],"author":[{"embeddable":true,"href":"http:\/\/wolftobias.com\/index.php?rest_route=\/wp\/v2\/users\/1"}],"replies":[{"embeddable":true,"href":"http:\/\/wolftobias.com\/index.php?rest_route=%2Fwp%2Fv2%2Fcomments&post=24"}],"version-history":[{"count":60,"href":"http:\/\/wolftobias.com\/index.php?rest_route=\/wp\/v2\/pages\/24\/revisions"}],"predecessor-version":[{"id":876,"href":"http:\/\/wolftobias.com\/index.php?rest_route=\/wp\/v2\/pages\/24\/revisions\/876"}],"wp:attachment":[{"href":"http:\/\/wolftobias.com\/index.php?rest_route=%2Fwp%2Fv2%2Fmedia&parent=24"}],"curies":[{"name":"wp","href":"https:\/\/api.w.org\/{rel}","templated":true}]}}